{"id":4069,"date":"2022-10-20T09:18:52","date_gmt":"2022-10-20T09:18:52","guid":{"rendered":"https:\/\/new2.minisites.casadelmar.nl\/?page_id=4069"},"modified":"2025-11-07T15:24:20","modified_gmt":"2025-11-07T15:24:20","slug":"chi-siamo","status":"publish","type":"page","link":"https:\/\/costadelsol-east.com\/it\/chi-siamo\/","title":{"rendered":"Chi siamo"},"content":{"rendered":"<section class=\"wpb-content-wrapper\"><div  class=\"content_row row vc_row wpb_row  default-style fullwidth rt-flex-wrapper\" >\n\t\n\t<div class=\"content_row_wrapper align-contents content-align-bottom default\" >\n\t<div id=\"asdasd\" class=\"vc_col-sm-12 wpb_column vc_column_container\" >\n\t<div class=\"vc_column-inner\">\n\t\t<div class=\"wpb_wrapper\" >\n\t\t\t\n\t\t\t<!-- START overonsslider REVOLUTION SLIDER 6.5.16 --><p class=\"rs-p-wp-fix\"><\/p>\n\t\t\t<rs-module-wrap id=\"rev_slider_1_1_wrapper\" data-source=\"gallery\" style=\"visibility:hidden;background:transparent;padding:0;margin:0px auto;margin-top:0;margin-bottom:0;\">\n\t\t\t\t<rs-module id=\"rev_slider_1_1\" style=\"\" data-version=\"6.5.16\">\n\t\t\t\t\t<rs-slides>\n\t\t\t\t\t\t<rs-slide style=\"position: absolute;\" data-key=\"rs-1\" data-title=\"Slide\" data-ssop=\"true\" data-anim=\"ms:600;\" data-in=\"o:0;\" data-out=\"a:false;\">\n\t\t\t\t\t\t\t<img decoding=\"async\" src=\"\/\/costadelsol-east.com\/wp-content\/plugins\/revslider\/public\/assets\/assets\/dummy.png\" alt=\"Diapositiva\" title=\"Chi siamo\" class=\"rev-slidebg tp-rs-img rs-lazyload\" data-lazyload=\"\/\/costadelsol-east.com\/wp-content\/plugins\/revslider\/public\/assets\/assets\/transparent.png\" data-no-retina>\n<!--\n\t\t\t\t\t\t\t--><rs-layer\n\t\t\t\t\t\t\t\tid=\"slider-1-slide-1-layer-7\" \n\t\t\t\t\t\t\t\tdata-type=\"image\"\n\t\t\t\t\t\t\t\tdata-rsp_ch=\"on\"\n\t\t\t\t\t\t\t\tdata-xy=\"x:-101px;y:-112px;\"\n\t\t\t\t\t\t\t\tdata-text=\"l:22;a:inherit;\"\n\t\t\t\t\t\t\t\tdata-dim=\"w:1448px;h:724px;\"\n\t\t\t\t\t\t\t\tdata-frame_0=\"tp:600;\"\n\t\t\t\t\t\t\t\tdata-frame_1=\"tp:600;st:0;\"\n\t\t\t\t\t\t\t\tdata-frame_999=\"o:0;tp:600;st:w;sR:5700;\"\n\t\t\t\t\t\t\t\tstyle=\"z-index:5;\"\n\t\t\t\t\t\t\t><img fetchpriority=\"high\" decoding=\"async\" src=\"\/\/costadelsol-east.com\/wp-content\/plugins\/revslider\/public\/assets\/assets\/dummy.png\" alt=\"\" class=\"tp-rs-img rs-lazyload\" width=\"1456\" height=\"728\" data-lazyload=\"\/\/new2.minisites.casadelmar.nl\/wp-content\/uploads\/sites\/10\/2022\/10\/slg-property-alharin-vista-golf-1.jpg\" data-no-retina> \n\t\t\t\t\t\t\t<\/rs-layer><!--\n-->\t\t\t\t\t\t<\/rs-slide>\n\t\t\t\t\t<\/rs-slides>\n\t\t\t\t<\/rs-module>\n\t\t\t\t<script>\n\t\t\t\t\tsetREVStartSize({c: 'rev_slider_1_1',rl:[1240,1024,778,480],el:[464],gw:[1240],gh:[464],type:'standard',justify:'',layout:'fullwidth',mh:\"0\"});if (window.RS_MODULES!==undefined && window.RS_MODULES.modules!==undefined && window.RS_MODULES.modules[\"revslider11\"]!==undefined) {window.RS_MODULES.modules[\"revslider11\"].once = false;window.revapi1 = undefined;if (window.RS_MODULES.checkMinimal!==undefined) window.RS_MODULES.checkMinimal()}\n\t\t\t\t<\/script>\n\t\t\t<\/rs-module-wrap>\n\t\t\t<!-- END REVOLUTION SLIDER -->\n\n\t<div class=\"wpb_text_column wpb_content_element\" >\n\t\t<div class=\"wpb_wrapper\">\n\t\t\t<p><!-- \/wp:post-content --><\/p>\n<p><!-- wp:shortcode --><\/p>\n\n\t\t<\/div>\n\t<\/div>\n\n\t\t<\/div>\n\t<\/div>\n\t<\/div>\n\n<\/div>\n<\/div>\n\n<div  class=\"content_row row vc_row wpb_row  default-style fullwidth\" >\n\t\n\t<div class=\"content_row_wrapper  default\" >\n\t<div id=\"asdasd\" class=\"vc_col-sm-12 wpb_column vc_column_container\" >\n\t<div class=\"vc_column-inner\">\n\t\t<div class=\"wpb_wrapper\" >\n\t\t\t\n\t<div class=\"wpb_text_column wpb_content_element\" >\n\t\t<div class=\"wpb_wrapper\">\n\t\t\t<h3>SLG Property \u2013 per nuove costruzioni Costa del Sol<\/h3>\n<p>SLG Property \u00e8 composta da un team di agenti immobiliari esperti e qualificati sulla Costa del Sol. Il fondatore, Ron de Vries, vanta oltre vent&#039;anni di esperienza come agente immobiliare sulla Costa del Sol. Grazie alla sua vasta rete di sviluppatori immobiliari, SLG \u00e8 una delle poche agenzie sulla Costa del Sol in grado di offrire praticamente tutti i progetti di nuova costruzione. Tra questi, anche nuovi sviluppi esclusivi e di grande interesse nella Costa del Sol orientale (Axarqu\u00eda). Questa zona, nota per il suo fascino autentico e la splendida natura circostante, sta rapidamente emergendo e diventando una nuova destinazione ambita. \u00c8 ora un&#039;area molto interessante in cui investire.\u00a0<\/p>\n<p>In qualit\u00e0 di agente immobiliare indipendente, SLG Property pu\u00f2 davvero dare priorit\u00e0 alle vostre esigenze. Grazie a solidi rapporti con sviluppatori e banche spagnole, SLG Property, una delle poche agenzie non spagnole, pu\u00f2 offrirvi i progetti di nuova costruzione pi\u00f9 interessanti.\u00a0<\/p>\n<p>&nbsp;<\/p>\n\n\t\t<\/div>\n\t<\/div>\n\n\t\t<\/div>\n\t<\/div>\n\t<\/div>\n\n<\/div>\n<\/div>\n\n<div  class=\"content_row row vc_row wpb_row  default-style fullwidth\" >\n\t\n\t<div class=\"content_row_wrapper  default\" >\n\t<div id=\"asdasd\" class=\"vc_col-sm-12 wpb_column vc_column_container\" >\n\t<div class=\"vc_column-inner\">\n\t\t<div class=\"wpb_wrapper\" >\n\t\t\t\n\t<div class=\"wpb_text_column wpb_content_element\" >\n\t\t<div class=\"wpb_wrapper\">\n\t\t\t<p><!-- \/wp:shortcode --><\/p>\n\n\t\t<\/div>\n\t<\/div>\n\n\t\t<\/div>\n\t<\/div>\n\t<\/div>\n\n<\/div>\n<\/div><\/section>","protected":false},"excerpt":{"rendered":"<p>\u2026 <a class=\"more-link\" href=\"https:\/\/costadelsol-east.com\/it\/chi-siamo\/\">Continua a leggere<\/a><\/p>","protected":false},"author":1,"featured_media":0,"parent":0,"menu_order":0,"comment_status":"closed","ping_status":"closed","template":"","meta":{"footnotes":""},"class_list":["post-4069","page","type-page","status-publish","hentry"],"yoast_head":"<!-- This site is optimized with the Yoast SEO plugin v26.0 - https:\/\/yoast.com\/wordpress\/plugins\/seo\/ -->\n<title>Over ons - Costa del Sol East<\/title>\n<meta name=\"robots\" content=\"index, follow, max-snippet:-1, max-image-preview:large, max-video-preview:-1\" \/>\n<link rel=\"canonical\" href=\"https:\/\/costadelsol-east.com\/it\/chi-siamo\/\" \/>\n<meta property=\"og:locale\" content=\"it_IT\" \/>\n<meta property=\"og:type\" content=\"article\" \/>\n<meta property=\"og:title\" content=\"Over ons - Costa del Sol East\" \/>\n<meta property=\"og:url\" content=\"https:\/\/costadelsol-east.com\/it\/chi-siamo\/\" \/>\n<meta property=\"og:site_name\" content=\"Costa del Sol East\" \/>\n<meta property=\"article:modified_time\" content=\"2025-11-07T15:24:20+00:00\" \/>\n<meta name=\"twitter:card\" content=\"summary_large_image\" \/>\n<meta name=\"twitter:label1\" content=\"Tempo di lettura stimato\" \/>\n\t<meta name=\"twitter:data1\" content=\"2 minuti\" \/>\n<script type=\"application\/ld+json\" class=\"yoast-schema-graph\">{\"@context\":\"https:\/\/schema.org\",\"@graph\":[{\"@type\":\"WebPage\",\"@id\":\"https:\/\/costadelsol-east.com\/over-ons\/\",\"url\":\"https:\/\/costadelsol-east.com\/over-ons\/\",\"name\":\"Over ons - Costa del Sol East\",\"isPartOf\":{\"@id\":\"https:\/\/costadelsol-east.com\/#website\"},\"datePublished\":\"2022-10-20T09:18:52+00:00\",\"dateModified\":\"2025-11-07T15:24:20+00:00\",\"breadcrumb\":{\"@id\":\"https:\/\/costadelsol-east.com\/over-ons\/#breadcrumb\"},\"inLanguage\":\"it-IT\",\"potentialAction\":[{\"@type\":\"ReadAction\",\"target\":[\"https:\/\/costadelsol-east.com\/over-ons\/\"]}]},{\"@type\":\"BreadcrumbList\",\"@id\":\"https:\/\/costadelsol-east.com\/over-ons\/#breadcrumb\",\"itemListElement\":[{\"@type\":\"ListItem\",\"position\":1,\"name\":\"Home\",\"item\":\"https:\/\/costadelsol-east.com\/\"},{\"@type\":\"ListItem\",\"position\":2,\"name\":\"Over ons\"}]},{\"@type\":\"WebSite\",\"@id\":\"https:\/\/costadelsol-east.com\/#website\",\"url\":\"https:\/\/costadelsol-east.com\/\",\"name\":\"Costa del Sol East\",\"description\":\"De Parels van Axarqu\u00eda\",\"potentialAction\":[{\"@type\":\"SearchAction\",\"target\":{\"@type\":\"EntryPoint\",\"urlTemplate\":\"https:\/\/costadelsol-east.com\/?s={search_term_string}\"},\"query-input\":{\"@type\":\"PropertyValueSpecification\",\"valueRequired\":true,\"valueName\":\"search_term_string\"}}],\"inLanguage\":\"it-IT\"}]}<\/script>\n<!-- \/ Yoast SEO plugin. -->","yoast_head_json":{"title":"Chi siamo - Costa del Sol Est","robots":{"index":"index","follow":"follow","max-snippet":"max-snippet:-1","max-image-preview":"max-image-preview:large","max-video-preview":"max-video-preview:-1"},"canonical":"https:\/\/costadelsol-east.com\/it\/chi-siamo\/","og_locale":"it_IT","og_type":"article","og_title":"Over ons - Costa del Sol East","og_url":"https:\/\/costadelsol-east.com\/it\/chi-siamo\/","og_site_name":"Costa del Sol East","article_modified_time":"2025-11-07T15:24:20+00:00","twitter_card":"summary_large_image","twitter_misc":{"Tempo di lettura stimato":"2 minuti"},"schema":{"@context":"https:\/\/schema.org","@graph":[{"@type":"WebPage","@id":"https:\/\/costadelsol-east.com\/over-ons\/","url":"https:\/\/costadelsol-east.com\/over-ons\/","name":"Chi siamo - Costa del Sol Est","isPartOf":{"@id":"https:\/\/costadelsol-east.com\/#website"},"datePublished":"2022-10-20T09:18:52+00:00","dateModified":"2025-11-07T15:24:20+00:00","breadcrumb":{"@id":"https:\/\/costadelsol-east.com\/over-ons\/#breadcrumb"},"inLanguage":"it-IT","potentialAction":[{"@type":"ReadAction","target":["https:\/\/costadelsol-east.com\/over-ons\/"]}]},{"@type":"BreadcrumbList","@id":"https:\/\/costadelsol-east.com\/over-ons\/#breadcrumb","itemListElement":[{"@type":"ListItem","position":1,"name":"Home","item":"https:\/\/costadelsol-east.com\/"},{"@type":"ListItem","position":2,"name":"Over ons"}]},{"@type":"WebSite","@id":"https:\/\/costadelsol-east.com\/#website","url":"https:\/\/costadelsol-east.com\/","name":"Costa del Sol Est","description":"Le perle dell&#039;Axarqu\u00eda","potentialAction":[{"@type":"SearchAction","target":{"@type":"EntryPoint","urlTemplate":"https:\/\/costadelsol-east.com\/?s={search_term_string}"},"query-input":{"@type":"PropertyValueSpecification","valueRequired":true,"valueName":"search_term_string"}}],"inLanguage":"it-IT"}]}},"_links":{"self":[{"href":"https:\/\/costadelsol-east.com\/it\/wp-json\/wp\/v2\/pages\/4069","targetHints":{"allow":["GET"]}}],"collection":[{"href":"https:\/\/costadelsol-east.com\/it\/wp-json\/wp\/v2\/pages"}],"about":[{"href":"https:\/\/costadelsol-east.com\/it\/wp-json\/wp\/v2\/types\/page"}],"author":[{"embeddable":true,"href":"https:\/\/costadelsol-east.com\/it\/wp-json\/wp\/v2\/users\/1"}],"replies":[{"embeddable":true,"href":"https:\/\/costadelsol-east.com\/it\/wp-json\/wp\/v2\/comments?post=4069"}],"version-history":[{"count":17,"href":"https:\/\/costadelsol-east.com\/it\/wp-json\/wp\/v2\/pages\/4069\/revisions"}],"predecessor-version":[{"id":4594,"href":"https:\/\/costadelsol-east.com\/it\/wp-json\/wp\/v2\/pages\/4069\/revisions\/4594"}],"wp:attachment":[{"href":"https:\/\/costadelsol-east.com\/it\/wp-json\/wp\/v2\/media?parent=4069"}],"curies":[{"name":"wp","href":"https:\/\/api.w.org\/{rel}","templated":true}]}}