{"id":3121,"date":"2025-02-14T14:08:43","date_gmt":"2025-02-14T14:08:43","guid":{"rendered":"https:\/\/cognito.mprinsdesign.nl\/?page_id=3121"},"modified":"2025-11-07T12:37:56","modified_gmt":"2025-11-07T12:37:56","slug":"mas-informacion-sobre-nuevas-construcciones-en-costa-del-sol-este","status":"publish","type":"page","link":"https:\/\/costadelsol-east.com\/es\/mas-informacion-sobre-nuevas-construcciones-en-costa-del-sol-este\/","title":{"rendered":"M\u00e1s informaci\u00f3n"},"content":{"rendered":"<section class=\"wpb-content-wrapper\">\n<div  class=\"content_row row page-content margin-between contact-form-row vc_row wpb_row  default-style fullwidth\" >\n\t\n\t<div class=\"content_row_wrapper  default\" style=\"padding-top:50px;padding-bottom:50px;\"><div id=\"asdasd\" class=\"vc_col-sm-6 wpb_column vc_column_container\" >\n\t<div class=\"vc_column-inner\">\n\t\t<div class=\"wpb_wrapper\" >\n\t\t\t\n<div  class=\"content_row row contact-informatie-row vc_row vc_inner vc_row-fluid global-style fullwidth\" style=\"background-color: #baad85;\">\n\t\n\t<div class=\"content_row_wrapper  default\" style=\"padding-top:10px;padding-bottom:20px;padding-left:20px;padding-right:20px;\">\n\t<div class=\"vc_col-sm-12 wpb_column vc_column_container\" >\n\t<div class=\"vc_column-inner\">\n\t\t<div class=\"wpb_wrapper\" >\n\t\t\t<div class=\"rt_heading_wrapper style-3\">\n\t\t\t\t\t\t<h1 class=\"rt_heading  style-3\"  style=\"font-size:24px;margin-top:24px;margin-bottom:0px;\">M\u00e1s informaci\u00f3n <span class=\"after_h1 white\">Costa del Sol \u2013 Este<\/span><\/h1> \n\t\t\t\t\t<\/div>\n\t<div class=\"wpb_text_column wpb_content_element  meer-info white\" >\n\t\t<div class=\"wpb_wrapper\">\n\t\t\t<p>En la zona este de la Costa del Sol, en la comarca de la Axarqu\u00eda (que incluye Torre del Mar, Torrox Costa y Nerja), a\u00fan se pueden encontrar promociones de obra nueva a precios atractivos. Esta zona est\u00e1 en pleno auge y tiene muchas probabilidades de convertirse en una de las m\u00e1s populares de la Costa del Sol. Por lo tanto, adem\u00e1s de ser una opci\u00f3n residencial, tambi\u00e9n representa una atractiva oportunidad de inversi\u00f3n.<\/p>\n<p>Hemos seleccionado las mejores promociones de obra nueva en la Axarqu\u00eda (Costa del Sol Este). Aqu\u00ed puede solicitar toda la informaci\u00f3n sobre estas promociones: disponibilidad, lista de precios actualizada, planos y folleto informativo.<\/p>\n<p>Despu\u00e9s, solo si te interesa, te invitaremos a una videollamada personal donde, adem\u00e1s de una presentaci\u00f3n completa, podr\u00e1s hacer todas tus preguntas sobre los proyectos que te interesan. El siguiente paso es una visita a las instalaciones. Esto te dar\u00e1 una buena impresi\u00f3n y te ayudar\u00e1 a tomar una decisi\u00f3n.<\/p>\n<p>\u00bfTe gustar\u00eda estar al tanto de las novedades en Axarqu\u00eda y de los pr\u00f3ximos proyectos de construcci\u00f3n en la zona (muchos de ellos antes de su lanzamiento)? Ind\u00edcanoslo y completa tus datos a la derecha. Para acceder al dossier informativo de cada proyecto, selecciona los que te interesen a la derecha.<\/p>\n\n\t\t<\/div>\n\t<\/div>\n\n\t\t<\/div>\n\t<\/div>\n\t<\/div>\n\n<\/div>\n<\/div>\n\n\t\t<\/div>\n\t<\/div>\n\t<\/div>\n\n\t<div id=\"asdasd\" class=\"vc_col-sm-6 wpb_column vc_column_container\" >\n\t<div class=\"vc_column-inner\">\n\t\t<div class=\"wpb_wrapper\" >\n\t\t\t\n<div  class=\"content_row row vc_row vc_inner vc_row-fluid global-style fullwidth\" >\n\t\n\t<div class=\"content_row_wrapper  default\" style=\"padding-top:10px;padding-bottom:20px;padding-left:20px;padding-right:20px;\">\n\t<div class=\"vc_col-sm-12 wpb_column vc_column_container\" >\n\t<div class=\"vc_column-inner\">\n\t\t<div class=\"wpb_wrapper\" >\n\t\t\t<div class=\"rt_heading_wrapper style-3\">\n\t\t\t\t\t\t<h1 class=\"rt_heading  style-3\"  style=\"font-size:24px;margin-top:24px;margin-bottom:0px;\">M\u00e1s informaci\u00f3n - <span class=\"after_h1\">Nueva construcci\u00f3n Costa del Sol \u2013 Este<\/span><\/h1> \n\t\t\t\t\t<\/div>\n\t<div class=\"wpb_text_column wpb_content_element\" >\n\t\t<div class=\"wpb_wrapper\">\n\t\t\t<div class=\"contact-form\">\n    <form id=\"cc-contact-form\" method=\"POST\" action=\"\">\n                <div class=\"split-contact\">\n            <article class=\"contact-row\">\n                <label><strong> Nombre <\/strong>(obligado)<\/label>\n                                <input type=\"text\" name=\"cc-name\" id=\"name\" value=\"\" required>\n            <\/article>\n            <article class=\"contact-row\">\n                <label><strong> Correo electr\u00f3nico <\/strong>(obligado)<\/label>\n                                <input type=\"text\" name=\"cc-email\" id=\"email\" value=\"\" required>\n            <\/article>\n        <\/div>\n        <article class=\"contact-row\">\n            <label><strong> DIRECCI\u00d3N <\/strong><\/label>\n            <input type=\"text\" name=\"cc-address\" id=\"address\" value=\"\" required>\n        <\/article>\n        <div class=\"split-contact\">\n            <article class=\"contact-row\">\n                <label><strong> residencia <\/strong><\/label>\n                <input type=\"text\" name=\"cc-city\" id=\"city\" value=\"\" required>\n            <\/article>\n\n            <article class=\"contact-row\">\n                <label><strong> Pa\u00eds <\/strong><\/label>\n                <input type=\"text\" name=\"cc-country\" id=\"country\" value=\"\" required>\n            <\/article>\n        <\/div>\n        <article class=\"contact-row\">\n            <label><strong> n\u00famero de tel\u00e9fono <\/strong>(obligado)<\/label>\n                        <input type=\"text\" name=\"cc-phone\" id=\"phone\" value=\"\" required>\n        <\/article>\n        <article class=\"contact-row\">\n            <label class=\"privacy-check\">\n                <input type=\"checkbox\" name=\"cc-video\" id=\"video\" value=\"on\" required>\n                Me gustar\u00eda concertar una cita para una videollamada (visualizaci\u00f3n)\n            <\/label>\n        <\/article>\n        <article class=\"contact-row\">\n            <label class=\"privacy-check\"><strong>Me interesan los siguientes objetos:<\/strong><\/label><br>\n            <label class=\"privacy-check\">\n                <input type=\"checkbox\" name=\"cc-property[]\" id=\"property-1\" value=\"HORIZONTE II\">\n                HORIZONTE II\n            <\/label><br>\n            <label class=\"privacy-check\">\n                <input type=\"checkbox\" name=\"cc-property[]\" id=\"property-2\" value=\"PUERTO NARIXA\">\n                PUERTO NARIXA\n            <\/label><br>\n            <label class=\"privacy-check\">\n                <input type=\"checkbox\" name=\"cc-property[]\" id=\"property-3\" value=\"HORIZONTE V\">\n                HORUS V\n            <\/label><br>\n            <label class=\"privacy-check\">\n                <input type=\"checkbox\" name=\"cc-property[]\" id=\"property-4\" value=\"TORROX COSTA II\">\n                TORROX COSTA II\n            <\/label><br>\n            <label class=\"privacy-check\">\n                <input type=\"checkbox\" name=\"cc-property[]\" id=\"property-5\" value=\"TORROX COSTA\">\n                TORROX COSTA\n            <\/label><br>\n            <label class=\"privacy-check\">\n                <input type=\"checkbox\" name=\"cc-property[]\" id=\"property-6\" value=\"COOL BEACH II\">\n                PLAYA FR\u00cdA II\n            <\/label>\n        <\/article>  \n        <article class=\"contact-row\">\n            <label><strong> Comentarios <\/strong><\/label>\n            <textarea \n                name=\"cc-comments\" \n                id=\"comments\" \n                required\n\t\t\t placeholder=\"Por ejemplo, indique aqu\u00ed si desea recibir informaci\u00f3n espec\u00edfica. \u00bfEst\u00e1s aqu\u00ed con poca antelaci\u00f3n? Por favor, h\u00e1ganos saber sobre nuestra planificaci\u00f3n.\"\n\t\t                rows=\"6\"\n            ><\/textarea>\n        <\/article>\n        <article class=\"contact-row\">\n                        <label class=\"privacy-check\">\n                <input type=\"checkbox\" name=\"cc-privacy\" id=\"privacy\" required>\n                estoy de acuerdo con el <a href=\"\/es\/politica-de-privacidad\/\">pol\u00edtica de privacidad<\/a>.\n            <\/label>\n        <\/article>\n        <article class=\"contact-row\">\n            <label type=\"hidden\" id=\"captcha-label\" style=\"display: none; color: red;\"><\/label>\n            <input id='recaptcha' class=\"g-recaptcha\" type=\"submit\" value=\"Enviar\" data-sitekey=\"6LeoCRIgAAAAAFGEHBimhbu4Ac0qLhPJSwqTq9Rq\" data-callback=\"ccSubmit\" data-action=\"submit\">\n        <\/article>\n    <input type=\"hidden\" name=\"trp-form-language\" value=\"es\"\/><\/form>\n<\/div>\n<script>\n    function ccSubmit(token) {\n        document.getElementById(\"cc-contact-form\").submit();\n    }\n<\/script>\n\n\n\t\t<\/div>\n\t<\/div>\n\n\t\t<\/div>\n\t<\/div>\n\t<\/div>\n\n<\/div>\n<\/div>\n\n\t\t<\/div>\n\t<\/div>\n\t<\/div>\n<\/div>\n<\/div>\n\n<\/section>","protected":false},"excerpt":{"rendered":"<p>\u2026 <a class=\"more-link\" href=\"https:\/\/costadelsol-east.com\/es\/mas-informacion-sobre-nuevas-construcciones-en-costa-del-sol-este\/\">sigue leyendo<\/a><\/p>","protected":false},"author":1,"featured_media":4496,"parent":0,"menu_order":6,"comment_status":"closed","ping_status":"closed","template":"","meta":{"footnotes":""},"class_list":["post-3121","page","type-page","status-publish","has-post-thumbnail","hentry"],"yoast_head":"<!-- This site is optimized with the Yoast SEO plugin v26.0 - https:\/\/yoast.com\/wordpress\/plugins\/seo\/ -->\n<title>Meer informatie - Costa del Sol East<\/title>\n<meta name=\"description\" content=\"Het oostelijk deel van de Costa del Sol is in opkomst. Hier een overzicht van de beste nieuwbouw in dit gebied.\" \/>\n<meta name=\"robots\" content=\"index, follow, max-snippet:-1, max-image-preview:large, max-video-preview:-1\" \/>\n<link rel=\"canonical\" href=\"https:\/\/costadelsol-east.com\/es\/mas-informacion-sobre-nuevas-construcciones-en-costa-del-sol-este\/\" \/>\n<meta property=\"og:locale\" content=\"es_ES\" \/>\n<meta property=\"og:type\" content=\"article\" \/>\n<meta property=\"og:title\" content=\"Meer informatie - Costa del Sol East\" \/>\n<meta property=\"og:description\" content=\"Het oostelijk deel van de Costa del Sol is in opkomst. Hier een overzicht van de beste nieuwbouw in dit gebied.\" \/>\n<meta property=\"og:url\" content=\"https:\/\/costadelsol-east.com\/es\/mas-informacion-sobre-nuevas-construcciones-en-costa-del-sol-este\/\" \/>\n<meta property=\"og:site_name\" content=\"Costa del Sol East\" \/>\n<meta property=\"article:modified_time\" content=\"2025-11-07T12:37:56+00:00\" \/>\n<meta property=\"og:image\" content=\"https:\/\/costadelsol-east.com\/wp-content\/uploads\/sites\/61\/2022\/03\/HORUS5-sea-view-scaled.jpg\" \/>\n\t<meta property=\"og:image:width\" content=\"2560\" \/>\n\t<meta property=\"og:image:height\" content=\"1280\" \/>\n\t<meta property=\"og:image:type\" content=\"image\/jpeg\" \/>\n<meta name=\"twitter:card\" content=\"summary_large_image\" \/>\n<meta name=\"twitter:label1\" content=\"Tiempo de lectura\" \/>\n\t<meta name=\"twitter:data1\" content=\"2 minutos\" \/>\n<script type=\"application\/ld+json\" class=\"yoast-schema-graph\">{\"@context\":\"https:\/\/schema.org\",\"@graph\":[{\"@type\":\"WebPage\",\"@id\":\"https:\/\/costadelsol-east.com\/meer-informatie-nieuwbouw-costa-del-sol-oost\/\",\"url\":\"https:\/\/costadelsol-east.com\/meer-informatie-nieuwbouw-costa-del-sol-oost\/\",\"name\":\"Meer informatie - Costa del Sol East\",\"isPartOf\":{\"@id\":\"https:\/\/costadelsol-east.com\/#website\"},\"primaryImageOfPage\":{\"@id\":\"https:\/\/costadelsol-east.com\/meer-informatie-nieuwbouw-costa-del-sol-oost\/#primaryimage\"},\"image\":{\"@id\":\"https:\/\/costadelsol-east.com\/meer-informatie-nieuwbouw-costa-del-sol-oost\/#primaryimage\"},\"thumbnailUrl\":\"https:\/\/costadelsol-east.com\/wp-content\/uploads\/sites\/61\/2022\/03\/HORUS5-sea-view-scaled.jpg\",\"datePublished\":\"2025-02-14T14:08:43+00:00\",\"dateModified\":\"2025-11-07T12:37:56+00:00\",\"description\":\"Het oostelijk deel van de Costa del Sol is in opkomst. Hier een overzicht van de beste nieuwbouw in dit gebied.\",\"breadcrumb\":{\"@id\":\"https:\/\/costadelsol-east.com\/meer-informatie-nieuwbouw-costa-del-sol-oost\/#breadcrumb\"},\"inLanguage\":\"es\",\"potentialAction\":[{\"@type\":\"ReadAction\",\"target\":[\"https:\/\/costadelsol-east.com\/meer-informatie-nieuwbouw-costa-del-sol-oost\/\"]}]},{\"@type\":\"ImageObject\",\"inLanguage\":\"es\",\"@id\":\"https:\/\/costadelsol-east.com\/meer-informatie-nieuwbouw-costa-del-sol-oost\/#primaryimage\",\"url\":\"https:\/\/costadelsol-east.com\/wp-content\/uploads\/sites\/61\/2022\/03\/HORUS5-sea-view-scaled.jpg\",\"contentUrl\":\"https:\/\/costadelsol-east.com\/wp-content\/uploads\/sites\/61\/2022\/03\/HORUS5-sea-view-scaled.jpg\",\"width\":2560,\"height\":1280},{\"@type\":\"BreadcrumbList\",\"@id\":\"https:\/\/costadelsol-east.com\/meer-informatie-nieuwbouw-costa-del-sol-oost\/#breadcrumb\",\"itemListElement\":[{\"@type\":\"ListItem\",\"position\":1,\"name\":\"Home\",\"item\":\"https:\/\/costadelsol-east.com\/\"},{\"@type\":\"ListItem\",\"position\":2,\"name\":\"Meer informatie\"}]},{\"@type\":\"WebSite\",\"@id\":\"https:\/\/costadelsol-east.com\/#website\",\"url\":\"https:\/\/costadelsol-east.com\/\",\"name\":\"Costa del Sol East\",\"description\":\"De Parels van Axarqu\u00eda\",\"potentialAction\":[{\"@type\":\"SearchAction\",\"target\":{\"@type\":\"EntryPoint\",\"urlTemplate\":\"https:\/\/costadelsol-east.com\/?s={search_term_string}\"},\"query-input\":{\"@type\":\"PropertyValueSpecification\",\"valueRequired\":true,\"valueName\":\"search_term_string\"}}],\"inLanguage\":\"es\"}]}<\/script>\n<!-- \/ Yoast SEO plugin. -->","yoast_head_json":{"title":"M\u00e1s informaci\u00f3n - Costa del Sol Este","description":"La zona este de la Costa del Sol est\u00e1 en pleno auge. Aqu\u00ed tienes un resumen de los mejores proyectos de obra nueva en esta zona.","robots":{"index":"index","follow":"follow","max-snippet":"max-snippet:-1","max-image-preview":"max-image-preview:large","max-video-preview":"max-video-preview:-1"},"canonical":"https:\/\/costadelsol-east.com\/es\/mas-informacion-sobre-nuevas-construcciones-en-costa-del-sol-este\/","og_locale":"es_ES","og_type":"article","og_title":"Meer informatie - Costa del Sol East","og_description":"Het oostelijk deel van de Costa del Sol is in opkomst. Hier een overzicht van de beste nieuwbouw in dit gebied.","og_url":"https:\/\/costadelsol-east.com\/es\/mas-informacion-sobre-nuevas-construcciones-en-costa-del-sol-este\/","og_site_name":"Costa del Sol East","article_modified_time":"2025-11-07T12:37:56+00:00","og_image":[{"width":2560,"height":1280,"url":"https:\/\/costadelsol-east.com\/wp-content\/uploads\/sites\/61\/2022\/03\/HORUS5-sea-view-scaled.jpg","type":"image\/jpeg"}],"twitter_card":"summary_large_image","twitter_misc":{"Tiempo de lectura":"2 minutos"},"schema":{"@context":"https:\/\/schema.org","@graph":[{"@type":"WebPage","@id":"https:\/\/costadelsol-east.com\/meer-informatie-nieuwbouw-costa-del-sol-oost\/","url":"https:\/\/costadelsol-east.com\/meer-informatie-nieuwbouw-costa-del-sol-oost\/","name":"M\u00e1s informaci\u00f3n - Costa del Sol Este","isPartOf":{"@id":"https:\/\/costadelsol-east.com\/#website"},"primaryImageOfPage":{"@id":"https:\/\/costadelsol-east.com\/meer-informatie-nieuwbouw-costa-del-sol-oost\/#primaryimage"},"image":{"@id":"https:\/\/costadelsol-east.com\/meer-informatie-nieuwbouw-costa-del-sol-oost\/#primaryimage"},"thumbnailUrl":"https:\/\/costadelsol-east.com\/wp-content\/uploads\/sites\/61\/2022\/03\/HORUS5-sea-view-scaled.jpg","datePublished":"2025-02-14T14:08:43+00:00","dateModified":"2025-11-07T12:37:56+00:00","description":"La zona este de la Costa del Sol est\u00e1 en pleno auge. Aqu\u00ed tienes un resumen de los mejores proyectos de obra nueva en esta zona.","breadcrumb":{"@id":"https:\/\/costadelsol-east.com\/meer-informatie-nieuwbouw-costa-del-sol-oost\/#breadcrumb"},"inLanguage":"es","potentialAction":[{"@type":"ReadAction","target":["https:\/\/costadelsol-east.com\/meer-informatie-nieuwbouw-costa-del-sol-oost\/"]}]},{"@type":"ImageObject","inLanguage":"es","@id":"https:\/\/costadelsol-east.com\/meer-informatie-nieuwbouw-costa-del-sol-oost\/#primaryimage","url":"https:\/\/costadelsol-east.com\/wp-content\/uploads\/sites\/61\/2022\/03\/HORUS5-sea-view-scaled.jpg","contentUrl":"https:\/\/costadelsol-east.com\/wp-content\/uploads\/sites\/61\/2022\/03\/HORUS5-sea-view-scaled.jpg","width":2560,"height":1280},{"@type":"BreadcrumbList","@id":"https:\/\/costadelsol-east.com\/meer-informatie-nieuwbouw-costa-del-sol-oost\/#breadcrumb","itemListElement":[{"@type":"ListItem","position":1,"name":"Home","item":"https:\/\/costadelsol-east.com\/"},{"@type":"ListItem","position":2,"name":"Meer informatie"}]},{"@type":"WebSite","@id":"https:\/\/costadelsol-east.com\/#website","url":"https:\/\/costadelsol-east.com\/","name":"Costa del Sol Este","description":"Las perlas de Axarqu\u00eda","potentialAction":[{"@type":"SearchAction","target":{"@type":"EntryPoint","urlTemplate":"https:\/\/costadelsol-east.com\/?s={search_term_string}"},"query-input":{"@type":"PropertyValueSpecification","valueRequired":true,"valueName":"search_term_string"}}],"inLanguage":"es"}]}},"_links":{"self":[{"href":"https:\/\/costadelsol-east.com\/es\/wp-json\/wp\/v2\/pages\/3121","targetHints":{"allow":["GET"]}}],"collection":[{"href":"https:\/\/costadelsol-east.com\/es\/wp-json\/wp\/v2\/pages"}],"about":[{"href":"https:\/\/costadelsol-east.com\/es\/wp-json\/wp\/v2\/types\/page"}],"author":[{"embeddable":true,"href":"https:\/\/costadelsol-east.com\/es\/wp-json\/wp\/v2\/users\/1"}],"replies":[{"embeddable":true,"href":"https:\/\/costadelsol-east.com\/es\/wp-json\/wp\/v2\/comments?post=3121"}],"version-history":[{"count":26,"href":"https:\/\/costadelsol-east.com\/es\/wp-json\/wp\/v2\/pages\/3121\/revisions"}],"predecessor-version":[{"id":4593,"href":"https:\/\/costadelsol-east.com\/es\/wp-json\/wp\/v2\/pages\/3121\/revisions\/4593"}],"wp:featuredmedia":[{"embeddable":true,"href":"https:\/\/costadelsol-east.com\/es\/wp-json\/wp\/v2\/media\/4496"}],"wp:attachment":[{"href":"https:\/\/costadelsol-east.com\/es\/wp-json\/wp\/v2\/media?parent=3121"}],"curies":[{"name":"wp","href":"https:\/\/api.w.org\/{rel}","templated":true}]}}