{"id":3121,"date":"2025-02-14T14:08:43","date_gmt":"2025-02-14T14:08:43","guid":{"rendered":"https:\/\/cognito.mprinsdesign.nl\/?page_id=3121"},"modified":"2025-11-07T12:37:56","modified_gmt":"2025-11-07T12:37:56","slug":"weitere-informationen-zum-neubau-in-costa-del-sol-ost","status":"publish","type":"page","link":"https:\/\/costadelsol-east.com\/de\/weitere-informationen-zum-neubau-in-costa-del-sol-ost\/","title":{"rendered":"Mehr Informationen"},"content":{"rendered":"<section class=\"wpb-content-wrapper\">\n<div  class=\"content_row row page-content margin-between contact-form-row vc_row wpb_row  default-style fullwidth\" >\n\t\n\t<div class=\"content_row_wrapper  default\" style=\"padding-top:50px;padding-bottom:50px;\"><div id=\"asdasd\" class=\"vc_col-sm-6 wpb_column vc_column_container\" >\n\t<div class=\"vc_column-inner\">\n\t\t<div class=\"wpb_wrapper\" >\n\t\t\t\n<div  class=\"content_row row contact-informatie-row vc_row vc_inner vc_row-fluid global-style fullwidth\" style=\"background-color: #baad85;\">\n\t\n\t<div class=\"content_row_wrapper  default\" style=\"padding-top:10px;padding-bottom:20px;padding-left:20px;padding-right:20px;\">\n\t<div class=\"vc_col-sm-12 wpb_column vc_column_container\" >\n\t<div class=\"vc_column-inner\">\n\t\t<div class=\"wpb_wrapper\" >\n\t\t\t<div class=\"rt_heading_wrapper style-3\">\n\t\t\t\t\t\t<h1 class=\"rt_heading  style-3\"  style=\"font-size:24px;margin-top:24px;margin-bottom:0px;\">Mehr Info <span class=\"after_h1 white\">Costa del Sol \u2013 Ost<\/span><\/h1> \n\t\t\t\t\t<\/div>\n\t<div class=\"wpb_text_column wpb_content_element  meer-info white\" >\n\t\t<div class=\"wpb_wrapper\">\n\t\t\t<p>Im \u00f6stlichen Teil der Costa del Sol in der Axarqu\u00eda (einschlie\u00dflich Torre del Mar, Torrox Costa und Nerja) gibt es noch immer attraktive Neubauprojekte zu g\u00fcnstigen Preisen. Diese Gegend boomt und k\u00f6nnte sich zu einem beliebten Teil der Costa del Sol entwickeln. Daher bietet sie sich neben Wohnimmobilien nun auch als attraktive Investitionsm\u00f6glichkeit an.<\/p>\n<p>Wir haben die besten Neubauprojekte in der Axarqu\u00eda-Region (\u00f6stliche Costa del Sol) f\u00fcr Sie ausgew\u00e4hlt. Hier k\u00f6nnen Sie alle Informationen zu diesen Projekten anfordern: Verf\u00fcgbarkeit, aktuelle Preisliste, Grundrisse und eine Brosch\u00fcre mit detaillierten Informationen.<\/p>\n<p>Anschlie\u00dfend laden wir Sie \u2013 nur bei Interesse \u2013 zu einem pers\u00f6nlichen Video-Call ein, bei dem Sie neben einer ausf\u00fchrlichen Pr\u00e4sentation auch alle Ihre pers\u00f6nlichen Fragen zu den f\u00fcr Sie interessanten Projekten stellen k\u00f6nnen. Im n\u00e4chsten Schritt folgt eine Besichtigung vor Ort. So erhalten Sie einen guten Eindruck und k\u00f6nnen sich so besser entscheiden.<\/p>\n<p>M\u00f6chten Sie \u00fcber die Entwicklungen in der Axarqu\u00eda und anstehende Bauprojekte in dieser Region (oftmals vor Verkaufsstart) informiert bleiben? Dann teilen Sie uns dies mit und tragen Sie Ihre Daten rechts ein. Um die Informationsmappe zu jedem Projekt zu erhalten, w\u00e4hlen Sie bitte rechts die gew\u00fcnschten Projekte aus.<\/p>\n\n\t\t<\/div>\n\t<\/div>\n\n\t\t<\/div>\n\t<\/div>\n\t<\/div>\n\n<\/div>\n<\/div>\n\n\t\t<\/div>\n\t<\/div>\n\t<\/div>\n\n\t<div id=\"asdasd\" class=\"vc_col-sm-6 wpb_column vc_column_container\" >\n\t<div class=\"vc_column-inner\">\n\t\t<div class=\"wpb_wrapper\" >\n\t\t\t\n<div  class=\"content_row row vc_row vc_inner vc_row-fluid global-style fullwidth\" >\n\t\n\t<div class=\"content_row_wrapper  default\" style=\"padding-top:10px;padding-bottom:20px;padding-left:20px;padding-right:20px;\">\n\t<div class=\"vc_col-sm-12 wpb_column vc_column_container\" >\n\t<div class=\"vc_column-inner\">\n\t\t<div class=\"wpb_wrapper\" >\n\t\t\t<div class=\"rt_heading_wrapper style-3\">\n\t\t\t\t\t\t<h1 class=\"rt_heading  style-3\"  style=\"font-size:24px;margin-top:24px;margin-bottom:0px;\">Mehr Info - <span class=\"after_h1\">Neubau Costa del Sol \u2013 Ost<\/span><\/h1> \n\t\t\t\t\t<\/div>\n\t<div class=\"wpb_text_column wpb_content_element\" >\n\t\t<div class=\"wpb_wrapper\">\n\t\t\t<div class=\"contact-form\">\n    <form id=\"cc-contact-form\" method=\"POST\" action=\"\">\n                <div class=\"split-contact\">\n            <article class=\"contact-row\">\n                <label><strong> Name <\/strong>(verpflichtet)<\/label>\n                                <input type=\"text\" name=\"cc-name\" id=\"name\" value=\"\" required>\n            <\/article>\n            <article class=\"contact-row\">\n                <label><strong> Email <\/strong>(verpflichtet)<\/label>\n                                <input type=\"text\" name=\"cc-email\" id=\"email\" value=\"\" required>\n            <\/article>\n        <\/div>\n        <article class=\"contact-row\">\n            <label><strong> Adresse <\/strong><\/label>\n            <input type=\"text\" name=\"cc-address\" id=\"address\" value=\"\" required>\n        <\/article>\n        <div class=\"split-contact\">\n            <article class=\"contact-row\">\n                <label><strong> Residenz <\/strong><\/label>\n                <input type=\"text\" name=\"cc-city\" id=\"city\" value=\"\" required>\n            <\/article>\n\n            <article class=\"contact-row\">\n                <label><strong> Land <\/strong><\/label>\n                <input type=\"text\" name=\"cc-country\" id=\"country\" value=\"\" required>\n            <\/article>\n        <\/div>\n        <article class=\"contact-row\">\n            <label><strong> Telefonnummer <\/strong>(verpflichtet)<\/label>\n                        <input type=\"text\" name=\"cc-phone\" id=\"phone\" value=\"\" required>\n        <\/article>\n        <article class=\"contact-row\">\n            <label class=\"privacy-check\">\n                <input type=\"checkbox\" name=\"cc-video\" id=\"video\" value=\"on\" required>\n                Ich m\u00f6chte einen Termin f\u00fcr ein Videogespr\u00e4ch (Besichtigung) vereinbaren\n            <\/label>\n        <\/article>\n        <article class=\"contact-row\">\n            <label class=\"privacy-check\"><strong>Ich interessiere mich f\u00fcr folgende Objekte:<\/strong><\/label><br>\n            <label class=\"privacy-check\">\n                <input type=\"checkbox\" name=\"cc-property[]\" id=\"property-1\" value=\"HORIZONTE II\">\n                HORIZONTE II\n            <\/label><br>\n            <label class=\"privacy-check\">\n                <input type=\"checkbox\" name=\"cc-property[]\" id=\"property-2\" value=\"PUERTO NARIXA\">\n                PUERTO NARIXA\n            <\/label><br>\n            <label class=\"privacy-check\">\n                <input type=\"checkbox\" name=\"cc-property[]\" id=\"property-3\" value=\"HORIZONTE V\">\n                HORUS V\n            <\/label><br>\n            <label class=\"privacy-check\">\n                <input type=\"checkbox\" name=\"cc-property[]\" id=\"property-4\" value=\"TORROX COSTA II\">\n                TORROX COSTA II\n            <\/label><br>\n            <label class=\"privacy-check\">\n                <input type=\"checkbox\" name=\"cc-property[]\" id=\"property-5\" value=\"TORROX COSTA\">\n                TORROX COSTA\n            <\/label><br>\n            <label class=\"privacy-check\">\n                <input type=\"checkbox\" name=\"cc-property[]\" id=\"property-6\" value=\"COOL BEACH II\">\n                Cool Beach II\n            <\/label>\n        <\/article>  \n        <article class=\"contact-row\">\n            <label><strong> Kommentare <\/strong><\/label>\n            <textarea \n                name=\"cc-comments\" \n                id=\"comments\" \n                required\n\t\t\t placeholder=\"Geben Sie hier beispielsweise an, ob Sie bestimmte Informationen erhalten m\u00f6chten. Sind Sie kurzfristig hier? Bitte informieren Sie uns \u00fcber unsere Planung.\"\n\t\t                rows=\"6\"\n            ><\/textarea>\n        <\/article>\n        <article class=\"contact-row\">\n                        <label class=\"privacy-check\">\n                <input type=\"checkbox\" name=\"cc-privacy\" id=\"privacy\" required>\n                Ich stimme dem zu <a href=\"\/de\/datenschutzrichtlinie\/\">Datenschutzrichtlinie<\/a>.\n            <\/label>\n        <\/article>\n        <article class=\"contact-row\">\n            <label type=\"hidden\" id=\"captcha-label\" style=\"display: none; color: red;\"><\/label>\n            <input id='recaptcha' class=\"g-recaptcha\" type=\"submit\" value=\"Schicken\" data-sitekey=\"6LeoCRIgAAAAAFGEHBimhbu4Ac0qLhPJSwqTq9Rq\" data-callback=\"ccSubmit\" data-action=\"submit\">\n        <\/article>\n    <input type=\"hidden\" name=\"trp-form-language\" value=\"de\"\/><\/form>\n<\/div>\n<script>\n    function ccSubmit(token) {\n        document.getElementById(\"cc-contact-form\").submit();\n    }\n<\/script>\n\n\n\t\t<\/div>\n\t<\/div>\n\n\t\t<\/div>\n\t<\/div>\n\t<\/div>\n\n<\/div>\n<\/div>\n\n\t\t<\/div>\n\t<\/div>\n\t<\/div>\n<\/div>\n<\/div>\n\n<\/section>","protected":false},"excerpt":{"rendered":"<p>\u2026 <a class=\"more-link\" href=\"https:\/\/costadelsol-east.com\/de\/weitere-informationen-zum-neubau-in-costa-del-sol-ost\/\">Weiterlesen<\/a><\/p>","protected":false},"author":1,"featured_media":4496,"parent":0,"menu_order":6,"comment_status":"closed","ping_status":"closed","template":"","meta":{"footnotes":""},"class_list":["post-3121","page","type-page","status-publish","has-post-thumbnail","hentry"],"yoast_head":"<!-- This site is optimized with the Yoast SEO plugin v26.0 - https:\/\/yoast.com\/wordpress\/plugins\/seo\/ -->\n<title>Meer informatie - Costa del Sol East<\/title>\n<meta name=\"description\" content=\"Het oostelijk deel van de Costa del Sol is in opkomst. Hier een overzicht van de beste nieuwbouw in dit gebied.\" \/>\n<meta name=\"robots\" content=\"index, follow, max-snippet:-1, max-image-preview:large, max-video-preview:-1\" \/>\n<link rel=\"canonical\" href=\"https:\/\/costadelsol-east.com\/de\/weitere-informationen-zum-neubau-in-costa-del-sol-ost\/\" \/>\n<meta property=\"og:locale\" content=\"de_DE\" \/>\n<meta property=\"og:type\" content=\"article\" \/>\n<meta property=\"og:title\" content=\"Meer informatie - Costa del Sol East\" \/>\n<meta property=\"og:description\" content=\"Het oostelijk deel van de Costa del Sol is in opkomst. Hier een overzicht van de beste nieuwbouw in dit gebied.\" \/>\n<meta property=\"og:url\" content=\"https:\/\/costadelsol-east.com\/de\/weitere-informationen-zum-neubau-in-costa-del-sol-ost\/\" \/>\n<meta property=\"og:site_name\" content=\"Costa del Sol East\" \/>\n<meta property=\"article:modified_time\" content=\"2025-11-07T12:37:56+00:00\" \/>\n<meta property=\"og:image\" content=\"https:\/\/costadelsol-east.com\/wp-content\/uploads\/sites\/61\/2022\/03\/HORUS5-sea-view-scaled.jpg\" \/>\n\t<meta property=\"og:image:width\" content=\"2560\" \/>\n\t<meta property=\"og:image:height\" content=\"1280\" \/>\n\t<meta property=\"og:image:type\" content=\"image\/jpeg\" \/>\n<meta name=\"twitter:card\" content=\"summary_large_image\" \/>\n<meta name=\"twitter:label1\" content=\"Gesch\u00e4tzte Lesezeit\" \/>\n\t<meta name=\"twitter:data1\" content=\"2\u00a0Minuten\" \/>\n<script type=\"application\/ld+json\" class=\"yoast-schema-graph\">{\"@context\":\"https:\/\/schema.org\",\"@graph\":[{\"@type\":\"WebPage\",\"@id\":\"https:\/\/costadelsol-east.com\/meer-informatie-nieuwbouw-costa-del-sol-oost\/\",\"url\":\"https:\/\/costadelsol-east.com\/meer-informatie-nieuwbouw-costa-del-sol-oost\/\",\"name\":\"Meer informatie - Costa del Sol East\",\"isPartOf\":{\"@id\":\"https:\/\/costadelsol-east.com\/#website\"},\"primaryImageOfPage\":{\"@id\":\"https:\/\/costadelsol-east.com\/meer-informatie-nieuwbouw-costa-del-sol-oost\/#primaryimage\"},\"image\":{\"@id\":\"https:\/\/costadelsol-east.com\/meer-informatie-nieuwbouw-costa-del-sol-oost\/#primaryimage\"},\"thumbnailUrl\":\"https:\/\/costadelsol-east.com\/wp-content\/uploads\/sites\/61\/2022\/03\/HORUS5-sea-view-scaled.jpg\",\"datePublished\":\"2025-02-14T14:08:43+00:00\",\"dateModified\":\"2025-11-07T12:37:56+00:00\",\"description\":\"Het oostelijk deel van de Costa del Sol is in opkomst. Hier een overzicht van de beste nieuwbouw in dit gebied.\",\"breadcrumb\":{\"@id\":\"https:\/\/costadelsol-east.com\/meer-informatie-nieuwbouw-costa-del-sol-oost\/#breadcrumb\"},\"inLanguage\":\"de\",\"potentialAction\":[{\"@type\":\"ReadAction\",\"target\":[\"https:\/\/costadelsol-east.com\/meer-informatie-nieuwbouw-costa-del-sol-oost\/\"]}]},{\"@type\":\"ImageObject\",\"inLanguage\":\"de\",\"@id\":\"https:\/\/costadelsol-east.com\/meer-informatie-nieuwbouw-costa-del-sol-oost\/#primaryimage\",\"url\":\"https:\/\/costadelsol-east.com\/wp-content\/uploads\/sites\/61\/2022\/03\/HORUS5-sea-view-scaled.jpg\",\"contentUrl\":\"https:\/\/costadelsol-east.com\/wp-content\/uploads\/sites\/61\/2022\/03\/HORUS5-sea-view-scaled.jpg\",\"width\":2560,\"height\":1280},{\"@type\":\"BreadcrumbList\",\"@id\":\"https:\/\/costadelsol-east.com\/meer-informatie-nieuwbouw-costa-del-sol-oost\/#breadcrumb\",\"itemListElement\":[{\"@type\":\"ListItem\",\"position\":1,\"name\":\"Home\",\"item\":\"https:\/\/costadelsol-east.com\/\"},{\"@type\":\"ListItem\",\"position\":2,\"name\":\"Meer informatie\"}]},{\"@type\":\"WebSite\",\"@id\":\"https:\/\/costadelsol-east.com\/#website\",\"url\":\"https:\/\/costadelsol-east.com\/\",\"name\":\"Costa del Sol East\",\"description\":\"De Parels van Axarqu\u00eda\",\"potentialAction\":[{\"@type\":\"SearchAction\",\"target\":{\"@type\":\"EntryPoint\",\"urlTemplate\":\"https:\/\/costadelsol-east.com\/?s={search_term_string}\"},\"query-input\":{\"@type\":\"PropertyValueSpecification\",\"valueRequired\":true,\"valueName\":\"search_term_string\"}}],\"inLanguage\":\"de\"}]}<\/script>\n<!-- \/ Yoast SEO plugin. -->","yoast_head_json":{"title":"Weitere Informationen \u2013 Costa del Sol Ost","description":"Der \u00f6stliche Teil der Costa del Sol boomt. Hier finden Sie eine \u00dcbersicht der besten Neubauprojekte in dieser Region.","robots":{"index":"index","follow":"follow","max-snippet":"max-snippet:-1","max-image-preview":"max-image-preview:large","max-video-preview":"max-video-preview:-1"},"canonical":"https:\/\/costadelsol-east.com\/de\/weitere-informationen-zum-neubau-in-costa-del-sol-ost\/","og_locale":"de_DE","og_type":"article","og_title":"Meer informatie - Costa del Sol East","og_description":"Het oostelijk deel van de Costa del Sol is in opkomst. Hier een overzicht van de beste nieuwbouw in dit gebied.","og_url":"https:\/\/costadelsol-east.com\/de\/weitere-informationen-zum-neubau-in-costa-del-sol-ost\/","og_site_name":"Costa del Sol East","article_modified_time":"2025-11-07T12:37:56+00:00","og_image":[{"width":2560,"height":1280,"url":"https:\/\/costadelsol-east.com\/wp-content\/uploads\/sites\/61\/2022\/03\/HORUS5-sea-view-scaled.jpg","type":"image\/jpeg"}],"twitter_card":"summary_large_image","twitter_misc":{"Gesch\u00e4tzte Lesezeit":"2\u00a0Minuten"},"schema":{"@context":"https:\/\/schema.org","@graph":[{"@type":"WebPage","@id":"https:\/\/costadelsol-east.com\/meer-informatie-nieuwbouw-costa-del-sol-oost\/","url":"https:\/\/costadelsol-east.com\/meer-informatie-nieuwbouw-costa-del-sol-oost\/","name":"Weitere Informationen \u2013 Costa del Sol Ost","isPartOf":{"@id":"https:\/\/costadelsol-east.com\/#website"},"primaryImageOfPage":{"@id":"https:\/\/costadelsol-east.com\/meer-informatie-nieuwbouw-costa-del-sol-oost\/#primaryimage"},"image":{"@id":"https:\/\/costadelsol-east.com\/meer-informatie-nieuwbouw-costa-del-sol-oost\/#primaryimage"},"thumbnailUrl":"https:\/\/costadelsol-east.com\/wp-content\/uploads\/sites\/61\/2022\/03\/HORUS5-sea-view-scaled.jpg","datePublished":"2025-02-14T14:08:43+00:00","dateModified":"2025-11-07T12:37:56+00:00","description":"Der \u00f6stliche Teil der Costa del Sol boomt. Hier finden Sie eine \u00dcbersicht der besten Neubauprojekte in dieser Region.","breadcrumb":{"@id":"https:\/\/costadelsol-east.com\/meer-informatie-nieuwbouw-costa-del-sol-oost\/#breadcrumb"},"inLanguage":"de","potentialAction":[{"@type":"ReadAction","target":["https:\/\/costadelsol-east.com\/meer-informatie-nieuwbouw-costa-del-sol-oost\/"]}]},{"@type":"ImageObject","inLanguage":"de","@id":"https:\/\/costadelsol-east.com\/meer-informatie-nieuwbouw-costa-del-sol-oost\/#primaryimage","url":"https:\/\/costadelsol-east.com\/wp-content\/uploads\/sites\/61\/2022\/03\/HORUS5-sea-view-scaled.jpg","contentUrl":"https:\/\/costadelsol-east.com\/wp-content\/uploads\/sites\/61\/2022\/03\/HORUS5-sea-view-scaled.jpg","width":2560,"height":1280},{"@type":"BreadcrumbList","@id":"https:\/\/costadelsol-east.com\/meer-informatie-nieuwbouw-costa-del-sol-oost\/#breadcrumb","itemListElement":[{"@type":"ListItem","position":1,"name":"Home","item":"https:\/\/costadelsol-east.com\/"},{"@type":"ListItem","position":2,"name":"Meer informatie"}]},{"@type":"WebSite","@id":"https:\/\/costadelsol-east.com\/#website","url":"https:\/\/costadelsol-east.com\/","name":"Costa del Sol Ost","description":"Die Perlen der Axarqu\u00eda","potentialAction":[{"@type":"SearchAction","target":{"@type":"EntryPoint","urlTemplate":"https:\/\/costadelsol-east.com\/?s={search_term_string}"},"query-input":{"@type":"PropertyValueSpecification","valueRequired":true,"valueName":"search_term_string"}}],"inLanguage":"de"}]}},"_links":{"self":[{"href":"https:\/\/costadelsol-east.com\/de\/wp-json\/wp\/v2\/pages\/3121","targetHints":{"allow":["GET"]}}],"collection":[{"href":"https:\/\/costadelsol-east.com\/de\/wp-json\/wp\/v2\/pages"}],"about":[{"href":"https:\/\/costadelsol-east.com\/de\/wp-json\/wp\/v2\/types\/page"}],"author":[{"embeddable":true,"href":"https:\/\/costadelsol-east.com\/de\/wp-json\/wp\/v2\/users\/1"}],"replies":[{"embeddable":true,"href":"https:\/\/costadelsol-east.com\/de\/wp-json\/wp\/v2\/comments?post=3121"}],"version-history":[{"count":26,"href":"https:\/\/costadelsol-east.com\/de\/wp-json\/wp\/v2\/pages\/3121\/revisions"}],"predecessor-version":[{"id":4593,"href":"https:\/\/costadelsol-east.com\/de\/wp-json\/wp\/v2\/pages\/3121\/revisions\/4593"}],"wp:featuredmedia":[{"embeddable":true,"href":"https:\/\/costadelsol-east.com\/de\/wp-json\/wp\/v2\/media\/4496"}],"wp:attachment":[{"href":"https:\/\/costadelsol-east.com\/de\/wp-json\/wp\/v2\/media?parent=3121"}],"curies":[{"name":"wp","href":"https:\/\/api.w.org\/{rel}","templated":true}]}}